{"id":1529,"date":"2025-12-02T14:08:03","date_gmt":"2025-12-02T13:08:03","guid":{"rendered":"https:\/\/alexandracafe.com\/?page_id=1529"},"modified":"2025-12-08T15:53:49","modified_gmt":"2025-12-08T14:53:49","slug":"boutique","status":"publish","type":"page","link":"https:\/\/alexandracafe.com\/en\/boutique\/","title":{"rendered":"Boutique"},"content":{"rendered":"<p>[et_pb_section fb_built=\u00a0\u00bb1&Prime; _builder_version=\u00a0\u00bb3.22.3&Prime; background_position=\u00a0\u00bbtop_center\u00a0\u00bb global_colors_info=\u00a0\u00bb{}\u00a0\u00bb][et_pb_row _builder_version=\u00a0\u00bb3.25&Prime; background_size=\u00a0\u00bbinitial\u00a0\u00bb background_position=\u00a0\u00bbtop_left\u00a0\u00bb background_repeat=\u00a0\u00bbrepeat\u00a0\u00bb global_colors_info=\u00a0\u00bb{}\u00a0\u00bb][et_pb_column type=\u00a0\u00bb4_4&Prime; _builder_version=\u00a0\u00bb3.25&Prime; custom_padding=\u00a0\u00bb|||\u00a0\u00bb global_colors_info=\u00a0\u00bb{}\u00a0\u00bb custom_padding__hover=\u00a0\u00bb|||\u00a0\u00bb][et_pb_image src=\u00a0\u00bbhttps:\/\/alexandracafe.com\/wp-content\/uploads\/2018\/06\/logo-2.png\u00a0\u00bb url=\u00a0\u00bbhttps:\/\/alexandracafe.com\u00a0\u00bb align=\u00a0\u00bbcenter\u00a0\u00bb align_tablet=\u00a0\u00bbcenter\u00a0\u00bb align_phone=\u00a0\u00bb\u00a0\u00bb align_last_edited=\u00a0\u00bbon|desktop\u00a0\u00bb admin_label=\u00a0\u00bbLogo\u00a0\u00bb _builder_version=\u00a0\u00bb4.12.0&Prime; max_width=\u00a0\u00bb45%\u00a0\u00bb max_width_tablet=\u00a0\u00bb50%\u00a0\u00bb max_width_phone=\u00a0\u00bb85%\u00a0\u00bb max_width_last_edited=\u00a0\u00bbon|tablet\u00a0\u00bb module_alignment=\u00a0\u00bbcenter\u00a0\u00bb custom_margin=\u00a0\u00bb||50px|\u00a0\u00bb animation_style=\u00a0\u00bbfade\u00a0\u00bb global_colors_info=\u00a0\u00bb{}\u00a0\u00bb][\/et_pb_image][et_pb_text admin_label=\u00a0\u00bbTexte info adresse email\u00a0\u00bb _builder_version=\u00a0\u00bb4.12.0&Prime; _module_preset=\u00a0\u00bbdefault\u00a0\u00bb global_colors_info=\u00a0\u00bb{}\u00a0\u00bb]<\/p>\n<p style=\"text-align: center;\">Pour toute question ou demande de renseignements, n&rsquo;h\u00e9sitez pas \u00e0 nous \u00e9crire \u00e0 <strong>contact@alexandracafe.com<\/strong><\/p>\n<p>[\/et_pb_text][et_pb_button button_url=\u00a0\u00bbhttps:\/\/www.instagram.com\/Alexandratours\/\u00a0\u00bb button_text=\u00a0\u00bbNotre Instagram !\u00a0\u00bb button_alignment=\u00a0\u00bbcenter\u00a0\u00bb admin_label=\u00a0\u00bbInstagram\u00a0\u00bb _builder_version=\u00a0\u00bb4.12.0&Prime; _module_preset=\u00a0\u00bbdefault\u00a0\u00bb custom_button=\u00a0\u00bbon\u00a0\u00bb button_text_color=\u00a0\u00bb#e1306c\u00a0\u00bb button_bg_color=\u00a0\u00bb#ffffff\u00a0\u00bb button_border_width=\u00a0\u00bb0px\u00a0\u00bb button_border_radius=\u00a0\u00bb3px\u00a0\u00bb button_font=\u00a0\u00bb|600|||||||\u00a0\u00bb button_use_icon=\u00a0\u00bboff\u00a0\u00bb global_colors_info=\u00a0\u00bb{}\u00a0\u00bb][\/et_pb_button][et_pb_text admin_label=\u00a0\u00bbLes casquettes sont disponibles directement au bar\u202f!\u00a0\u00bb _builder_version=\u00a0\u00bb4.12.0&Prime; _module_preset=\u00a0\u00bbdefault\u00a0\u00bb text_font_size=\u00a0\u00bb18px\u00a0\u00bb global_colors_info=\u00a0\u00bb{}\u00a0\u00bb]<\/p>\n<p style=\"text-align: center;\"><strong>Les casquettes \u00ab\u00a0La F\u00e9e Rouge\u00a0\u00bb sont disponibles directement au bar\u202f!<\/strong><\/p>\n<p>[\/et_pb_text][\/et_pb_column][\/et_pb_row][et_pb_row column_structure=\u00a0\u00bb1_2,1_2&Prime; admin_label=\u00a0\u00bbBoutique casquettes\u00a0\u00bb _builder_version=\u00a0\u00bb4.12.0&Prime; _module_preset=\u00a0\u00bbdefault\u00a0\u00bb global_colors_info=\u00a0\u00bb{}\u00a0\u00bb][et_pb_column type=\u00a0\u00bb1_2&Prime; _builder_version=\u00a0\u00bb4.12.0&Prime; _module_preset=\u00a0\u00bbdefault\u00a0\u00bb global_colors_info=\u00a0\u00bb{}\u00a0\u00bb][et_pb_gallery gallery_ids=\u00a0\u00bb1536,1537,1538&Prime; fullwidth=\u00a0\u00bbon\u00a0\u00bb admin_label=\u00a0\u00bbImages casquette classique\u00a0\u00bb _builder_version=\u00a0\u00bb4.12.0&Prime; _module_preset=\u00a0\u00bbdefault\u00a0\u00bb global_colors_info=\u00a0\u00bb{}\u00a0\u00bb][\/et_pb_gallery][et_pb_text admin_label=\u00a0\u00bbDescription + prix casquette classique\u00a0\u00bb _builder_version=\u00a0\u00bb4.12.0&Prime; _module_preset=\u00a0\u00bbdefault\u00a0\u00bb text_text_color=\u00a0\u00bb#FFFFFF\u00a0\u00bb text_font_size=\u00a0\u00bb18px\u00a0\u00bb hover_enabled=\u00a0\u00bb0&Prime; global_colors_info=\u00a0\u00bb{}\u00a0\u00bb sticky_enabled=\u00a0\u00bb0&Prime;]<\/p>\n<p style=\"text-align: center;\">Casquette K-UP ORLANDO Noire avec Broderie\u00a0<\/p>\n<p style=\"text-align: center;\"><img loading=\"lazy\" decoding=\"async\" class=\"wp-image-1174  aligncenter\" src=\"https:\/\/alexandracafe.com\/wp-content\/uploads\/2023\/05\/fee-rouge-300x132.png\" alt=\"\" width=\"182\" height=\"80\" \/><br \/>Prix : 25\u2009\u20ac<\/p>\n<p>[\/et_pb_text][\/et_pb_column][et_pb_column type=\u00a0\u00bb1_2&Prime; _builder_version=\u00a0\u00bb4.12.0&Prime; _module_preset=\u00a0\u00bbdefault\u00a0\u00bb global_colors_info=\u00a0\u00bb{}\u00a0\u00bb][et_pb_gallery gallery_ids=\u00a0\u00bb1539,1540,1541&Prime; fullwidth=\u00a0\u00bbon\u00a0\u00bb admin_label=\u00a0\u00bbImages casquette trucker\u00a0\u00bb _builder_version=\u00a0\u00bb4.12.0&Prime; _module_preset=\u00a0\u00bbdefault\u00a0\u00bb global_colors_info=\u00a0\u00bb{}\u00a0\u00bb][\/et_pb_gallery][et_pb_text admin_label=\u00a0\u00bbDescription + prix casquette trucker\u00a0\u00bb _builder_version=\u00a0\u00bb4.12.0&Prime; _module_preset=\u00a0\u00bbdefault\u00a0\u00bb text_text_color=\u00a0\u00bb#FFFFFF\u00a0\u00bb text_font_size=\u00a0\u00bb18px\u00a0\u00bb hover_enabled=\u00a0\u00bb0&Prime; global_colors_info=\u00a0\u00bb{}\u00a0\u00bb sticky_enabled=\u00a0\u00bb0&Prime;]<\/p>\n<p style=\"text-align: center;\">Casquette SNAPBACK RETRO TRUCKER Noire avec Broderie\u00a0<\/p>\n<p style=\"text-align: center;\"><img loading=\"lazy\" decoding=\"async\" class=\"wp-image-1174  aligncenter\" src=\"https:\/\/alexandracafe.com\/wp-content\/uploads\/2023\/05\/fee-rouge-300x132.png\" alt=\"\" width=\"182\" height=\"80\" \/><br \/>Prix : 30\u2009\u20ac<\/p>\n<p>[\/et_pb_text][\/et_pb_column][\/et_pb_row][\/et_pb_section]<\/p>\n","protected":false},"excerpt":{"rendered":"<p>Pour toute question ou demande de renseignements, n&rsquo;h\u00e9sitez pas \u00e0 nous \u00e9crire \u00e0 contact@alexandracafe.comLes casquettes \u00ab\u00a0La F\u00e9e Rouge\u00a0\u00bb sont disponibles directement au bar\u202f!Casquette K-UP ORLANDO Noire avec Broderie\u00a0 Prix : 25\u2009\u20acCasquette SNAPBACK RETRO TRUCKER Noire avec Broderie\u00a0 Prix : 30\u2009\u20ac<\/p>","protected":false},"author":1,"featured_media":0,"parent":0,"menu_order":0,"comment_status":"closed","ping_status":"closed","template":"","meta":{"_et_pb_use_builder":"on","_et_pb_old_content":"","_et_gb_content_width":"","footnotes":""},"class_list":["post-1529","page","type-page","status-publish","hentry"],"_links":{"self":[{"href":"https:\/\/alexandracafe.com\/en\/wp-json\/wp\/v2\/pages\/1529","targetHints":{"allow":["GET"]}}],"collection":[{"href":"https:\/\/alexandracafe.com\/en\/wp-json\/wp\/v2\/pages"}],"about":[{"href":"https:\/\/alexandracafe.com\/en\/wp-json\/wp\/v2\/types\/page"}],"author":[{"embeddable":true,"href":"https:\/\/alexandracafe.com\/en\/wp-json\/wp\/v2\/users\/1"}],"replies":[{"embeddable":true,"href":"https:\/\/alexandracafe.com\/en\/wp-json\/wp\/v2\/comments?post=1529"}],"version-history":[{"count":32,"href":"https:\/\/alexandracafe.com\/en\/wp-json\/wp\/v2\/pages\/1529\/revisions"}],"predecessor-version":[{"id":1609,"href":"https:\/\/alexandracafe.com\/en\/wp-json\/wp\/v2\/pages\/1529\/revisions\/1609"}],"wp:attachment":[{"href":"https:\/\/alexandracafe.com\/en\/wp-json\/wp\/v2\/media?parent=1529"}],"curies":[{"name":"wp","href":"https:\/\/api.w.org\/{rel}","templated":true}]}}